{"id":48,"date":"2023-05-17T14:17:34","date_gmt":"2023-05-17T14:17:34","guid":{"rendered":"https:\/\/vettess.smkmedya.com\/?page_id=48"},"modified":"2024-08-01T10:55:19","modified_gmt":"2024-08-01T13:55:19","slug":"about-us","status":"publish","type":"page","link":"https:\/\/bugrayildirim.com\/en\/about-us\/","title":{"rendered":"About Us"},"content":{"rendered":"<div data-elementor-type=\"wp-page\" data-elementor-id=\"48\" class=\"elementor elementor-48\" data-elementor-post-type=\"page\">\n\t\t\t\t<div class=\"elementor-element elementor-element-04f1020 e-flex e-con-boxed e-con e-parent\" data-id=\"04f1020\" data-element_type=\"container\" data-e-type=\"container\" data-settings=\"{&quot;background_background&quot;:&quot;classic&quot;}\">\n\t\t\t\t\t<div class=\"e-con-inner\">\n\t\t\t\t<div class=\"elementor-element elementor-element-d7191c8 elementor-widget elementor-widget-text-editor\" data-id=\"d7191c8\" data-element_type=\"widget\" data-e-type=\"widget\" data-widget_type=\"text-editor.default\">\n\t\t\t\t\t\t\t\t\t<p>Bu\u011fra Y\u0131ld\u0131r\u0131m, who has been organizing events in Turkey for 25 years under the Track Days brand, served as the Sales and Marketing Manager at Intercity Istanbul Park for the past 10 years.<\/p><p>During this period, he took part in international automobile events such as Porsche Experience Days and Ferrari Weekend, as well as local organizations such as V Weekend, V Weekend Sports and Intercity Istanbul Park Track Days. In addition, he played important roles in the global launches of many brands such as Ferrari, Lamborghini, Maserati, Alfa Romeo, Mercedes-AMG, Honda, Hyundai and Renault, and in national cups such as the Intercity Platinum Cup, Intercity Gold Cup, Intercity Silver Cup; He has served in various managerial positions in many international races such as the Formula 1 World Championship, World Rallycross Championship, World Superbike Championship.<\/p>\t\t\t\t\t\t\t\t<\/div>\n\t\t\t\t\t<\/div>\n\t\t\t\t<\/div>\n\t\t\t\t<\/div>","protected":false},"excerpt":{"rendered":"<p>Bu\u011fra Y\u0131ld\u0131r\u0131m, who has been organizing events and events in Turkey for 25 years with the Track Days brand, has served as the Sales and Marketing Manager at Intercity \u0130stanbul Park for the last 10 years. During this time, he has been involved in international automobile events such as Porsche Experience Days and Ferrari Weekend, as well as local organizations such as V Weekend, V Weekend Sports and Intercity \u0130stanbul Park Track Days.<\/p>","protected":false},"author":1,"featured_media":0,"parent":0,"menu_order":0,"comment_status":"closed","ping_status":"closed","template":"","meta":{"footnotes":""},"class_list":["post-48","page","type-page","status-publish","hentry"],"_links":{"self":[{"href":"https:\/\/bugrayildirim.com\/en\/wp-json\/wp\/v2\/pages\/48","targetHints":{"allow":["GET"]}}],"collection":[{"href":"https:\/\/bugrayildirim.com\/en\/wp-json\/wp\/v2\/pages"}],"about":[{"href":"https:\/\/bugrayildirim.com\/en\/wp-json\/wp\/v2\/types\/page"}],"author":[{"embeddable":true,"href":"https:\/\/bugrayildirim.com\/en\/wp-json\/wp\/v2\/users\/1"}],"replies":[{"embeddable":true,"href":"https:\/\/bugrayildirim.com\/en\/wp-json\/wp\/v2\/comments?post=48"}],"version-history":[{"count":0,"href":"https:\/\/bugrayildirim.com\/en\/wp-json\/wp\/v2\/pages\/48\/revisions"}],"wp:attachment":[{"href":"https:\/\/bugrayildirim.com\/en\/wp-json\/wp\/v2\/media?parent=48"}],"curies":[{"name":"wp","href":"https:\/\/api.w.org\/{rel}","templated":true}]}}